{"id":28,"date":"2024-10-18T10:27:50","date_gmt":"2024-10-18T10:27:50","guid":{"rendered":"https:\/\/tsztpszichologus.hu\/?page_id=28"},"modified":"2024-10-18T10:27:50","modified_gmt":"2024-10-18T10:27:50","slug":"arak","status":"publish","type":"page","link":"https:\/\/tsztpszichologus.hu\/?page_id=28","title":{"rendered":"\u00c1rak"},"content":{"rendered":"\n<p class=\"has-text-align-center has-medium-font-size\"><strong>Egy\u00e9ni tan\u00e1csad\u00e1s feln\u0151tteknek<br><\/strong>15.000 ft\/alkalom<\/p>\n\n\n\n<p class=\"has-text-align-center has-medium-font-size\"><strong>Egy\u00e9ni tan\u00e1csad\u00e1s serd\u00fcl\u0151knek<br><\/strong>15.000 ft\/alkalom<\/p>\n\n\n\n<ol class=\"wp-block-list\"><\/ol>\n\n\n\n<p><\/p>\n","protected":false},"excerpt":{"rendered":"<p>Egy\u00e9ni tan\u00e1csad\u00e1s feln\u0151tteknek15.000 ft\/alkalom Egy\u00e9ni tan\u00e1csad\u00e1s serd\u00fcl\u0151knek15.000 ft\/alkalom<\/p>\n","protected":false},"author":1,"featured_media":0,"parent":0,"menu_order":0,"comment_status":"closed","ping_status":"closed","template":"","meta":{"footnotes":""},"class_list":["post-28","page","type-page","status-publish","hentry"],"yoast_head":"<!-- This site is optimized with the Yoast SEO plugin v23.9 - https:\/\/yoast.com\/wordpress\/plugins\/seo\/ -->\n<title>\u00c1rak - T\u00fari-Szab\u00f3 T\u00edmea<\/title>\n<meta name=\"robots\" content=\"index, follow, max-snippet:-1, max-image-preview:large, max-video-preview:-1\" \/>\n<link rel=\"canonical\" href=\"https:\/\/tsztpszichologus.hu\/?page_id=28\" \/>\n<meta property=\"og:locale\" content=\"en_US\" \/>\n<meta property=\"og:type\" content=\"article\" \/>\n<meta property=\"og:title\" content=\"\u00c1rak - T\u00fari-Szab\u00f3 T\u00edmea\" \/>\n<meta property=\"og:description\" content=\"Egy\u00e9ni tan\u00e1csad\u00e1s feln\u0151tteknek15.000 ft\/alkalom Egy\u00e9ni tan\u00e1csad\u00e1s serd\u00fcl\u0151knek15.000 ft\/alkalom\" \/>\n<meta property=\"og:url\" content=\"https:\/\/tsztpszichologus.hu\/?page_id=28\" \/>\n<meta property=\"og:site_name\" content=\"T\u00fari-Szab\u00f3 T\u00edmea\" \/>\n<meta name=\"twitter:card\" content=\"summary_large_image\" \/>\n<script type=\"application\/ld+json\" class=\"yoast-schema-graph\">{\"@context\":\"https:\/\/schema.org\",\"@graph\":[{\"@type\":\"WebPage\",\"@id\":\"https:\/\/tsztpszichologus.hu\/?page_id=28\",\"url\":\"https:\/\/tsztpszichologus.hu\/?page_id=28\",\"name\":\"\u00c1rak - T\u00fari-Szab\u00f3 T\u00edmea\",\"isPartOf\":{\"@id\":\"https:\/\/tsztpszichologus.hu\/#website\"},\"datePublished\":\"2024-10-18T10:27:50+00:00\",\"dateModified\":\"2024-10-18T10:27:50+00:00\",\"breadcrumb\":{\"@id\":\"https:\/\/tsztpszichologus.hu\/?page_id=28#breadcrumb\"},\"inLanguage\":\"en-US\",\"potentialAction\":[{\"@type\":\"ReadAction\",\"target\":[\"https:\/\/tsztpszichologus.hu\/?page_id=28\"]}]},{\"@type\":\"BreadcrumbList\",\"@id\":\"https:\/\/tsztpszichologus.hu\/?page_id=28#breadcrumb\",\"itemListElement\":[{\"@type\":\"ListItem\",\"position\":1,\"name\":\"Home\",\"item\":\"https:\/\/tsztpszichologus.hu\/\"},{\"@type\":\"ListItem\",\"position\":2,\"name\":\"\u00c1rak\"}]},{\"@type\":\"WebSite\",\"@id\":\"https:\/\/tsztpszichologus.hu\/#website\",\"url\":\"https:\/\/tsztpszichologus.hu\/\",\"name\":\"tsztpszichologus.hu\",\"description\":\"\",\"publisher\":{\"@id\":\"https:\/\/tsztpszichologus.hu\/#organization\"},\"potentialAction\":[{\"@type\":\"SearchAction\",\"target\":{\"@type\":\"EntryPoint\",\"urlTemplate\":\"https:\/\/tsztpszichologus.hu\/?s={search_term_string}\"},\"query-input\":{\"@type\":\"PropertyValueSpecification\",\"valueRequired\":true,\"valueName\":\"search_term_string\"}}],\"inLanguage\":\"en-US\"},{\"@type\":\"Organization\",\"@id\":\"https:\/\/tsztpszichologus.hu\/#organization\",\"name\":\"tsztpszichologus.hu\",\"url\":\"https:\/\/tsztpszichologus.hu\/\",\"logo\":{\"@type\":\"ImageObject\",\"inLanguage\":\"en-US\",\"@id\":\"https:\/\/tsztpszichologus.hu\/#\/schema\/logo\/image\/\",\"url\":\"https:\/\/tsztpszichologus.hu\/wp-content\/uploads\/2024\/11\/cropped-1ed22d93-89ba-49cd-aaa2-f94b09b85b42-1-3-1.png\",\"contentUrl\":\"https:\/\/tsztpszichologus.hu\/wp-content\/uploads\/2024\/11\/cropped-1ed22d93-89ba-49cd-aaa2-f94b09b85b42-1-3-1.png\",\"width\":1024,\"height\":1024,\"caption\":\"tsztpszichologus.hu\"},\"image\":{\"@id\":\"https:\/\/tsztpszichologus.hu\/#\/schema\/logo\/image\/\"}}]}<\/script>\n<!-- \/ Yoast SEO plugin. -->","yoast_head_json":{"title":"\u00c1rak - T\u00fari-Szab\u00f3 T\u00edmea","robots":{"index":"index","follow":"follow","max-snippet":"max-snippet:-1","max-image-preview":"max-image-preview:large","max-video-preview":"max-video-preview:-1"},"canonical":"https:\/\/tsztpszichologus.hu\/?page_id=28","og_locale":"en_US","og_type":"article","og_title":"\u00c1rak - T\u00fari-Szab\u00f3 T\u00edmea","og_description":"Egy\u00e9ni tan\u00e1csad\u00e1s feln\u0151tteknek15.000 ft\/alkalom Egy\u00e9ni tan\u00e1csad\u00e1s serd\u00fcl\u0151knek15.000 ft\/alkalom","og_url":"https:\/\/tsztpszichologus.hu\/?page_id=28","og_site_name":"T\u00fari-Szab\u00f3 T\u00edmea","twitter_card":"summary_large_image","schema":{"@context":"https:\/\/schema.org","@graph":[{"@type":"WebPage","@id":"https:\/\/tsztpszichologus.hu\/?page_id=28","url":"https:\/\/tsztpszichologus.hu\/?page_id=28","name":"\u00c1rak - T\u00fari-Szab\u00f3 T\u00edmea","isPartOf":{"@id":"https:\/\/tsztpszichologus.hu\/#website"},"datePublished":"2024-10-18T10:27:50+00:00","dateModified":"2024-10-18T10:27:50+00:00","breadcrumb":{"@id":"https:\/\/tsztpszichologus.hu\/?page_id=28#breadcrumb"},"inLanguage":"en-US","potentialAction":[{"@type":"ReadAction","target":["https:\/\/tsztpszichologus.hu\/?page_id=28"]}]},{"@type":"BreadcrumbList","@id":"https:\/\/tsztpszichologus.hu\/?page_id=28#breadcrumb","itemListElement":[{"@type":"ListItem","position":1,"name":"Home","item":"https:\/\/tsztpszichologus.hu\/"},{"@type":"ListItem","position":2,"name":"\u00c1rak"}]},{"@type":"WebSite","@id":"https:\/\/tsztpszichologus.hu\/#website","url":"https:\/\/tsztpszichologus.hu\/","name":"tsztpszichologus.hu","description":"","publisher":{"@id":"https:\/\/tsztpszichologus.hu\/#organization"},"potentialAction":[{"@type":"SearchAction","target":{"@type":"EntryPoint","urlTemplate":"https:\/\/tsztpszichologus.hu\/?s={search_term_string}"},"query-input":{"@type":"PropertyValueSpecification","valueRequired":true,"valueName":"search_term_string"}}],"inLanguage":"en-US"},{"@type":"Organization","@id":"https:\/\/tsztpszichologus.hu\/#organization","name":"tsztpszichologus.hu","url":"https:\/\/tsztpszichologus.hu\/","logo":{"@type":"ImageObject","inLanguage":"en-US","@id":"https:\/\/tsztpszichologus.hu\/#\/schema\/logo\/image\/","url":"https:\/\/tsztpszichologus.hu\/wp-content\/uploads\/2024\/11\/cropped-1ed22d93-89ba-49cd-aaa2-f94b09b85b42-1-3-1.png","contentUrl":"https:\/\/tsztpszichologus.hu\/wp-content\/uploads\/2024\/11\/cropped-1ed22d93-89ba-49cd-aaa2-f94b09b85b42-1-3-1.png","width":1024,"height":1024,"caption":"tsztpszichologus.hu"},"image":{"@id":"https:\/\/tsztpszichologus.hu\/#\/schema\/logo\/image\/"}}]}},"_links":{"self":[{"href":"https:\/\/tsztpszichologus.hu\/index.php?rest_route=\/wp\/v2\/pages\/28","targetHints":{"allow":["GET"]}}],"collection":[{"href":"https:\/\/tsztpszichologus.hu\/index.php?rest_route=\/wp\/v2\/pages"}],"about":[{"href":"https:\/\/tsztpszichologus.hu\/index.php?rest_route=\/wp\/v2\/types\/page"}],"author":[{"embeddable":true,"href":"https:\/\/tsztpszichologus.hu\/index.php?rest_route=\/wp\/v2\/users\/1"}],"replies":[{"embeddable":true,"href":"https:\/\/tsztpszichologus.hu\/index.php?rest_route=%2Fwp%2Fv2%2Fcomments&post=28"}],"version-history":[{"count":4,"href":"https:\/\/tsztpszichologus.hu\/index.php?rest_route=\/wp\/v2\/pages\/28\/revisions"}],"predecessor-version":[{"id":41,"href":"https:\/\/tsztpszichologus.hu\/index.php?rest_route=\/wp\/v2\/pages\/28\/revisions\/41"}],"wp:attachment":[{"href":"https:\/\/tsztpszichologus.hu\/index.php?rest_route=%2Fwp%2Fv2%2Fmedia&parent=28"}],"curies":[{"name":"wp","href":"https:\/\/api.w.org\/{rel}","templated":true}]}}