{"id":21,"date":"2024-10-18T10:27:50","date_gmt":"2024-10-18T10:27:50","guid":{"rendered":"https:\/\/tsztpszichologus.hu\/?page_id=21"},"modified":"2024-10-18T12:46:17","modified_gmt":"2024-10-18T12:46:17","slug":"miben-segithetek","status":"publish","type":"page","link":"https:\/\/tsztpszichologus.hu\/?page_id=21","title":{"rendered":"Miben seg\u00edthetek?"},"content":{"rendered":"\n<h2 class=\"wp-block-heading\"><strong>Egy\u00e9ni tan\u00e1csad\u00e1s feln\u0151tteknek<\/strong><\/h2>\n\n\n\n<p>Mindenki \u00e9let\u00e9ben el\u0151fordulhatnak olyan kih\u00edv\u00e1st jelent\u0151 helyzetek, ahol sz\u00fcks\u00e9ge lehet seg\u00edts\u00e9gre a megold\u00e1s vagy tov\u00e1bbl\u00e9p\u00e9s \u00e9rdek\u00e9ben. A pszichol\u00f3giai tan\u00e1csad\u00e1s lehet\u0151s\u00e9get ny\u00fajt \u00f6nmagunk, csal\u00e1di- \u00e9s bar\u00e1ti kapcsolataink m\u00e9lyebb \u00f6sszef\u00fcgg\u00e9seinek meg\u00e9rt\u00e9s\u00e9re. Ezek megismer\u00e9se, seg\u00edthet a megold\u00e1sok kidolgoz\u00e1s\u00e1ban. T\u00f6rekszem a partneri viszony kialak\u00edt\u00e1s\u00e1ra, \u00e9s hiszek abban, hogy mindenki saj\u00e1t maga legjobb ismer\u0151je.<br><\/p>\n\n\n\n<p><strong>Forduljon hozz\u00e1m bizalommal a k\u00f6vetkez\u0151 neh\u00e9zs\u00e9gekkel kapcsolatban:<\/strong><\/p>\n\n\n\n<ul class=\"wp-block-list\">\n<li>gyermeknevel\u00e9ssel kapcsolatos k\u00e9rd\u00e9sek &#8211; sz\u00fcl\u0151konzult\u00e1ci\u00f3<\/li>\n\n\n\n<li>egy\u00e9ni \u00e9letvezet\u00e9si neh\u00e9zs\u00e9gek megold\u00e1sa<\/li>\n\n\n\n<li>\u00e9letszakasz v\u00e1lt\u00e1ssal j\u00e1r\u00f3 neh\u00e9zs\u00e9gek kezel\u00e9se (k\u00fcl\u00f6n\u00f6s tekintettel a fiatal feln\u0151ttkorra)<\/li>\n\n\n\n<li>\u00f6n\u00e9rt\u00e9kel\u00e9si probl\u00e9m\u00e1k enyh\u00edt\u00e9se \u00e9s pozit\u00edv \u00e9nk\u00e9p er\u0151s\u00edt\u00e9se<\/li>\n\n\n\n<li>kommunik\u00e1ci\u00f3s k\u00e9szs\u00e9gek fejleszt\u00e9se<\/li>\n\n\n\n<li>stresszkezel\u00e9s<\/li>\n\n\n\n<li>p\u00e1rkapcsolati neh\u00e9zs\u00e9gek<\/li>\n\n\n\n<li>vesztes\u00e9gek feldolgoz\u00e1sa<\/li>\n\n\n\n<li>az \u00e9rezelemszab\u00e1lyoz\u00e1s fejleszt\u00e9se<\/li>\n\n\n\n<li>p\u00e1lyaorient\u00e1ci\u00f3<br><\/li>\n<\/ul>\n\n\n\n<p>Az \u00fcl\u00e9sek hossza 50 perc<\/p>\n\n\n\n<h2 class=\"wp-block-heading\"><strong>Egy\u00e9ni tan\u00e1csad\u00e1s serd\u00fcl\u0151knek<\/strong><\/h2>\n\n\n\n<p>A serd\u00fcl\u0151kor egy kih\u00edv\u00e1st jelent\u0151 \u00e9letszakasz a fiatal, \u00e9s az \u0151t k\u00f6r\u00fclvev\u0151 feln\u0151ttek sz\u00e1m\u00e1ra is. A feln\u0151tt\u00e9 v\u00e1l\u00e1s, az identit\u00e1s kialakul\u00e1sa, az \u00f6n\u00e9rt\u00e9kel\u00e9s alakul\u00e1sa, a kort\u00e1rs kapcsolatok min\u0151s\u00e9ge, teljes\u00edtm\u00e9nyc\u00e9lok, p\u00e1lyav\u00e1laszt\u00e1s, szerelmek mind-mind olyan t\u00e9m\u00e1k, amelyek megold\u00e1sa okozhat neh\u00e9zs\u00e9get, ak\u00e1r szorong\u00e1st is a serd\u00fcl\u0151ben. Szakmai p\u00e1lyafut\u00e1som sor\u00e1n kiemelt szerepet kaptak a serd\u00fcl\u0151k \u00e9letprobl\u00e9m\u00e1i, \u00e9lethelyzetei, neh\u00e9zs\u00e9gei. A Pedag\u00f3giai Szakszolg\u00e1latban v\u00e9gzett tev\u00e9kenys\u00e9gem sor\u00e1n alkalmam ny\u00edlt seg\u00edteni a hozz\u00e1m fordul\u00f3 fiatalok neh\u00e9zs\u00e9geinek megold\u00e1s\u00e1ban.<br><\/p>\n\n\n\n<p><strong>A tan\u00e1csad\u00e1s menete:<br><\/strong>Az alkalmak 50 percesek<br>Az els\u0151 alkalom sz\u00fcl\u0151konzult\u00e1ci\u00f3, a sz\u00fcl\u0151ket v\u00e1rom megbesz\u00e9l\u00e9sre.<br>A m\u00e1sodik alkalomt\u00f3l a serd\u00fcl\u0151vel folyik a k\u00f6z\u00f6s munka.<br>Sz\u00fcl\u0151konzult\u00e1ci\u00f3s alkalmak \u00f6t \u00fcl\u00e9senk\u00e9nt v\u00e1rhat\u00f3ak, de ezek gyakoris\u00e1ga megbesz\u00e9l\u00e9s t\u00e1rgy\u00e1t k\u00e9pezi.<\/p>\n","protected":false},"excerpt":{"rendered":"<p>Egy\u00e9ni tan\u00e1csad\u00e1s feln\u0151tteknek Mindenki \u00e9let\u00e9ben el\u0151fordulhatnak olyan kih\u00edv\u00e1st jelent\u0151 helyzetek, ahol sz\u00fcks\u00e9ge lehet seg\u00edts\u00e9gre a megold\u00e1s vagy tov\u00e1bbl\u00e9p\u00e9s \u00e9rdek\u00e9ben. A pszichol\u00f3giai tan\u00e1csad\u00e1s lehet\u0151s\u00e9get ny\u00fajt \u00f6nmagunk,&#8230;<\/p>\n","protected":false},"author":1,"featured_media":0,"parent":0,"menu_order":0,"comment_status":"closed","ping_status":"closed","template":"","meta":{"footnotes":""},"class_list":["post-21","page","type-page","status-publish","hentry"],"yoast_head":"<!-- This site is optimized with the Yoast SEO plugin v23.9 - https:\/\/yoast.com\/wordpress\/plugins\/seo\/ -->\n<title>Miben seg\u00edthetek? - T\u00fari-Szab\u00f3 T\u00edmea<\/title>\n<meta name=\"robots\" content=\"index, follow, max-snippet:-1, max-image-preview:large, max-video-preview:-1\" \/>\n<link rel=\"canonical\" href=\"https:\/\/tsztpszichologus.hu\/?page_id=21\" \/>\n<meta property=\"og:locale\" content=\"en_US\" \/>\n<meta property=\"og:type\" content=\"article\" \/>\n<meta property=\"og:title\" content=\"Miben seg\u00edthetek? - T\u00fari-Szab\u00f3 T\u00edmea\" \/>\n<meta property=\"og:description\" content=\"Egy\u00e9ni tan\u00e1csad\u00e1s feln\u0151tteknek Mindenki \u00e9let\u00e9ben el\u0151fordulhatnak olyan kih\u00edv\u00e1st jelent\u0151 helyzetek, ahol sz\u00fcks\u00e9ge lehet seg\u00edts\u00e9gre a megold\u00e1s vagy tov\u00e1bbl\u00e9p\u00e9s \u00e9rdek\u00e9ben. A pszichol\u00f3giai tan\u00e1csad\u00e1s lehet\u0151s\u00e9get ny\u00fajt \u00f6nmagunk,...\" \/>\n<meta property=\"og:url\" content=\"https:\/\/tsztpszichologus.hu\/?page_id=21\" \/>\n<meta property=\"og:site_name\" content=\"T\u00fari-Szab\u00f3 T\u00edmea\" \/>\n<meta property=\"article:modified_time\" content=\"2024-10-18T12:46:17+00:00\" \/>\n<meta name=\"twitter:card\" content=\"summary_large_image\" \/>\n<meta name=\"twitter:label1\" content=\"Est. reading time\" \/>\n\t<meta name=\"twitter:data1\" content=\"2 minutes\" \/>\n<script type=\"application\/ld+json\" class=\"yoast-schema-graph\">{\"@context\":\"https:\/\/schema.org\",\"@graph\":[{\"@type\":\"WebPage\",\"@id\":\"https:\/\/tsztpszichologus.hu\/?page_id=21\",\"url\":\"https:\/\/tsztpszichologus.hu\/?page_id=21\",\"name\":\"Miben seg\u00edthetek? - T\u00fari-Szab\u00f3 T\u00edmea\",\"isPartOf\":{\"@id\":\"https:\/\/tsztpszichologus.hu\/#website\"},\"datePublished\":\"2024-10-18T10:27:50+00:00\",\"dateModified\":\"2024-10-18T12:46:17+00:00\",\"breadcrumb\":{\"@id\":\"https:\/\/tsztpszichologus.hu\/?page_id=21#breadcrumb\"},\"inLanguage\":\"en-US\",\"potentialAction\":[{\"@type\":\"ReadAction\",\"target\":[\"https:\/\/tsztpszichologus.hu\/?page_id=21\"]}]},{\"@type\":\"BreadcrumbList\",\"@id\":\"https:\/\/tsztpszichologus.hu\/?page_id=21#breadcrumb\",\"itemListElement\":[{\"@type\":\"ListItem\",\"position\":1,\"name\":\"Home\",\"item\":\"https:\/\/tsztpszichologus.hu\/\"},{\"@type\":\"ListItem\",\"position\":2,\"name\":\"Miben seg\u00edthetek?\"}]},{\"@type\":\"WebSite\",\"@id\":\"https:\/\/tsztpszichologus.hu\/#website\",\"url\":\"https:\/\/tsztpszichologus.hu\/\",\"name\":\"tsztpszichologus.hu\",\"description\":\"\",\"publisher\":{\"@id\":\"https:\/\/tsztpszichologus.hu\/#organization\"},\"potentialAction\":[{\"@type\":\"SearchAction\",\"target\":{\"@type\":\"EntryPoint\",\"urlTemplate\":\"https:\/\/tsztpszichologus.hu\/?s={search_term_string}\"},\"query-input\":{\"@type\":\"PropertyValueSpecification\",\"valueRequired\":true,\"valueName\":\"search_term_string\"}}],\"inLanguage\":\"en-US\"},{\"@type\":\"Organization\",\"@id\":\"https:\/\/tsztpszichologus.hu\/#organization\",\"name\":\"tsztpszichologus.hu\",\"url\":\"https:\/\/tsztpszichologus.hu\/\",\"logo\":{\"@type\":\"ImageObject\",\"inLanguage\":\"en-US\",\"@id\":\"https:\/\/tsztpszichologus.hu\/#\/schema\/logo\/image\/\",\"url\":\"https:\/\/tsztpszichologus.hu\/wp-content\/uploads\/2024\/11\/cropped-1ed22d93-89ba-49cd-aaa2-f94b09b85b42-1-3-1.png\",\"contentUrl\":\"https:\/\/tsztpszichologus.hu\/wp-content\/uploads\/2024\/11\/cropped-1ed22d93-89ba-49cd-aaa2-f94b09b85b42-1-3-1.png\",\"width\":1024,\"height\":1024,\"caption\":\"tsztpszichologus.hu\"},\"image\":{\"@id\":\"https:\/\/tsztpszichologus.hu\/#\/schema\/logo\/image\/\"}}]}<\/script>\n<!-- \/ Yoast SEO plugin. -->","yoast_head_json":{"title":"Miben seg\u00edthetek? - T\u00fari-Szab\u00f3 T\u00edmea","robots":{"index":"index","follow":"follow","max-snippet":"max-snippet:-1","max-image-preview":"max-image-preview:large","max-video-preview":"max-video-preview:-1"},"canonical":"https:\/\/tsztpszichologus.hu\/?page_id=21","og_locale":"en_US","og_type":"article","og_title":"Miben seg\u00edthetek? - T\u00fari-Szab\u00f3 T\u00edmea","og_description":"Egy\u00e9ni tan\u00e1csad\u00e1s feln\u0151tteknek Mindenki \u00e9let\u00e9ben el\u0151fordulhatnak olyan kih\u00edv\u00e1st jelent\u0151 helyzetek, ahol sz\u00fcks\u00e9ge lehet seg\u00edts\u00e9gre a megold\u00e1s vagy tov\u00e1bbl\u00e9p\u00e9s \u00e9rdek\u00e9ben. A pszichol\u00f3giai tan\u00e1csad\u00e1s lehet\u0151s\u00e9get ny\u00fajt \u00f6nmagunk,...","og_url":"https:\/\/tsztpszichologus.hu\/?page_id=21","og_site_name":"T\u00fari-Szab\u00f3 T\u00edmea","article_modified_time":"2024-10-18T12:46:17+00:00","twitter_card":"summary_large_image","twitter_misc":{"Est. reading time":"2 minutes"},"schema":{"@context":"https:\/\/schema.org","@graph":[{"@type":"WebPage","@id":"https:\/\/tsztpszichologus.hu\/?page_id=21","url":"https:\/\/tsztpszichologus.hu\/?page_id=21","name":"Miben seg\u00edthetek? - T\u00fari-Szab\u00f3 T\u00edmea","isPartOf":{"@id":"https:\/\/tsztpszichologus.hu\/#website"},"datePublished":"2024-10-18T10:27:50+00:00","dateModified":"2024-10-18T12:46:17+00:00","breadcrumb":{"@id":"https:\/\/tsztpszichologus.hu\/?page_id=21#breadcrumb"},"inLanguage":"en-US","potentialAction":[{"@type":"ReadAction","target":["https:\/\/tsztpszichologus.hu\/?page_id=21"]}]},{"@type":"BreadcrumbList","@id":"https:\/\/tsztpszichologus.hu\/?page_id=21#breadcrumb","itemListElement":[{"@type":"ListItem","position":1,"name":"Home","item":"https:\/\/tsztpszichologus.hu\/"},{"@type":"ListItem","position":2,"name":"Miben seg\u00edthetek?"}]},{"@type":"WebSite","@id":"https:\/\/tsztpszichologus.hu\/#website","url":"https:\/\/tsztpszichologus.hu\/","name":"tsztpszichologus.hu","description":"","publisher":{"@id":"https:\/\/tsztpszichologus.hu\/#organization"},"potentialAction":[{"@type":"SearchAction","target":{"@type":"EntryPoint","urlTemplate":"https:\/\/tsztpszichologus.hu\/?s={search_term_string}"},"query-input":{"@type":"PropertyValueSpecification","valueRequired":true,"valueName":"search_term_string"}}],"inLanguage":"en-US"},{"@type":"Organization","@id":"https:\/\/tsztpszichologus.hu\/#organization","name":"tsztpszichologus.hu","url":"https:\/\/tsztpszichologus.hu\/","logo":{"@type":"ImageObject","inLanguage":"en-US","@id":"https:\/\/tsztpszichologus.hu\/#\/schema\/logo\/image\/","url":"https:\/\/tsztpszichologus.hu\/wp-content\/uploads\/2024\/11\/cropped-1ed22d93-89ba-49cd-aaa2-f94b09b85b42-1-3-1.png","contentUrl":"https:\/\/tsztpszichologus.hu\/wp-content\/uploads\/2024\/11\/cropped-1ed22d93-89ba-49cd-aaa2-f94b09b85b42-1-3-1.png","width":1024,"height":1024,"caption":"tsztpszichologus.hu"},"image":{"@id":"https:\/\/tsztpszichologus.hu\/#\/schema\/logo\/image\/"}}]}},"_links":{"self":[{"href":"https:\/\/tsztpszichologus.hu\/index.php?rest_route=\/wp\/v2\/pages\/21","targetHints":{"allow":["GET"]}}],"collection":[{"href":"https:\/\/tsztpszichologus.hu\/index.php?rest_route=\/wp\/v2\/pages"}],"about":[{"href":"https:\/\/tsztpszichologus.hu\/index.php?rest_route=\/wp\/v2\/types\/page"}],"author":[{"embeddable":true,"href":"https:\/\/tsztpszichologus.hu\/index.php?rest_route=\/wp\/v2\/users\/1"}],"replies":[{"embeddable":true,"href":"https:\/\/tsztpszichologus.hu\/index.php?rest_route=%2Fwp%2Fv2%2Fcomments&post=21"}],"version-history":[{"count":4,"href":"https:\/\/tsztpszichologus.hu\/index.php?rest_route=\/wp\/v2\/pages\/21\/revisions"}],"predecessor-version":[{"id":55,"href":"https:\/\/tsztpszichologus.hu\/index.php?rest_route=\/wp\/v2\/pages\/21\/revisions\/55"}],"wp:attachment":[{"href":"https:\/\/tsztpszichologus.hu\/index.php?rest_route=%2Fwp%2Fv2%2Fmedia&parent=21"}],"curies":[{"name":"wp","href":"https:\/\/api.w.org\/{rel}","templated":true}]}}