{"id":17,"date":"2024-10-18T10:27:50","date_gmt":"2024-10-18T10:27:50","guid":{"rendered":"https:\/\/tsztpszichologus.hu\/?page_id=17"},"modified":"2025-11-16T23:54:53","modified_gmt":"2025-11-16T23:54:53","slug":"bemutatkozas","status":"publish","type":"page","link":"https:\/\/tsztpszichologus.hu\/","title":{"rendered":"Bemutatkoz\u00e1s"},"content":{"rendered":"\n<h2 class=\"wp-block-heading has-text-align-center has-text-color has-link-color has-medium-font-size wp-elements-8f2d4db228d5c14692b4e75653cc804c\" style=\"color:#2e5c3a\"><mark style=\"background-color:rgba(0, 0, 0, 0);color:#fa0000\" class=\"has-inline-color\">!!!<\/mark> T\u00e1j\u00e9koztatom a kedves \u00e9rdekl\u0151d\u0151ket, hogy \u00e1tmenetileg nem \u00e1ll m\u00f3domban \u00faj klienseket fogadni. K\u00f6sz\u00f6n\u00f6m a meg\u00e9rt\u00e9st \u00e9s a t\u00fcrelmet. <mark style=\"background-color:rgba(0, 0, 0, 0);color:#fd0000\" class=\"has-inline-color\">!!!<\/mark><\/h2>\n\n\n<div class=\"wp-block-image is-style-rounded\">\n<figure class=\"aligncenter size-medium\"><img loading=\"lazy\" decoding=\"async\" width=\"229\" height=\"300\" src=\"https:\/\/tsztpszichologus.hu\/wp-content\/uploads\/2024\/10\/tsztszichologus-229x300.jpeg\" alt=\"tsztszichologus\" class=\"wp-image-35\" style=\"object-fit:cover\" srcset=\"https:\/\/tsztpszichologus.hu\/wp-content\/uploads\/2024\/10\/tsztszichologus-229x300.jpeg 229w, https:\/\/tsztpszichologus.hu\/wp-content\/uploads\/2024\/10\/tsztszichologus-500x656.jpeg 500w, https:\/\/tsztpszichologus.hu\/wp-content\/uploads\/2024\/10\/tsztszichologus.jpeg 762w\" sizes=\"auto, (max-width: 229px) 100vw, 229px\" \/><figcaption class=\"wp-element-caption\"><strong>T\u00fari-Szab\u00f3 T\u00edmea<\/strong><\/figcaption><\/figure>\n<\/div>\n\n\n<p>Tan\u00e1csad\u00f3i munk\u00e1m folyam\u00e1n arra t\u00f6rekszem, hogy az engem felkeres\u0151 kliens megismerje saj\u00e1t er\u0151ss\u00e9geit, \u00e9s azokat hat\u00e9konyan alkalmazni tudja az \u00e9let\u00e9ben felmer\u00fcl\u0151 neh\u00e9zs\u00e9gek kezel\u00e9s\u00e9re*. T\u00f6rekszem a partneri viszony kialak\u00edt\u00e1s\u00e1ra, \u00e9s hiszek abban, hogy mindenki saj\u00e1t maga legjobb ismer\u0151je. Fontosnak tartom az er\u0151forr\u00e1sok felt\u00e9rk\u00e9pez\u00e9s\u00e9t, amely hozz\u00e1seg\u00edt a bels\u0151 er\u0151 mobiliz\u00e1l\u00e1s\u00e1hoz, k\u00fcl\u00f6nf\u00e9le lehet\u0151s\u00e9gek felt\u00e1r\u00e1s\u00e1hoz, \u00e9s a szem\u00e9lyes c\u00e9lok megfogalmaz\u00e1s\u00e1hoz.<br>Munk\u00e1m sor\u00e1n fontos szerepet kap a rendszerszeml\u00e9let, illetve k\u00e9pz\u0151d\u0151 s\u00e9mater\u00e1pi\u00e1s konzult\u00e1nsk\u00e9nt a s\u00e9mater\u00e1pi\u00e1s szeml\u00e9let \u00e9s munkam\u00f3d.<\/p>\n\n\n\n<p><strong>Tanulm\u00e1nyaim:<br><\/strong>2019 \u2013 Szegedi Tudom\u00e1nyegyetem B\u00f6lcs\u00e9szettudom\u00e1nyi Kar Pszichol\u00f3gia Int\u00e9zet &#8211; Okleveles pszichol\u00f3gus<br>2021 \u2013 E\u00f6tv\u00f6s Lor\u00e1nd Tudom\u00e1nyegyetem Pedag\u00f3giai \u00e9s Pszichol\u00f3giai Kar &#8211; Tan\u00e1csad\u00f3 szakpszichol\u00f3gus<br>2021 \u2013 Magyar Pszichodr\u00e1ma Egyes\u00fclet &#8211; Pszichodr\u00e1ma asszisztens<br>2024 (folyamatban) \u2013 Nemzetk\u00f6zi S\u00e9mater\u00e1pi\u00e1s Egyes\u00fclet &#8211; S\u00e9mater\u00e1pia \u00e9s Tr\u00e9ning K\u00f6zpont &#8211; S\u00e9mater\u00e1pi\u00e1s konzult\u00e1ns<\/p>\n\n\n\n<p><strong>Egy\u00e9b k\u00e9pz\u00e9sek, tanulm\u00e1nyok, \u00f6nismeret<\/strong><\/p>\n\n\n\n<ul class=\"wp-block-list\">\n<li>TA 101 alapoz\u00f3 tr\u00e9ning (Tranzakci\u00f3analitikus k\u00e9pz\u00e9s)<\/li>\n\n\n\n<li>OH K\u00e1rtya Alaptanfolyam<\/li>\n\n\n\n<li>A gyermekb\u00e1ntalmaz\u00e1s kezel\u00e9se \u00e9s megel\u0151z\u00e9se, (T 05 091\/2016)<\/li>\n\n\n\n<li>Nagy\u00edt\u00f3 Alap\u00edtv\u00e1ny \u2013\u2013\u201eJ\u00e1t\u00e9kon innen \u00e9s t\u00fal\u201d m\u00f3dszertani eszk\u00f6zt\u00e1r b\u0151v\u00edt\u0151 workshop<\/li>\n\n\n\n<li>Alkalmazott meseter\u00e1pia ( SE TK\/2020.II\/00118), (16 \u00f3ra)<\/li>\n\n\n\n<li>Gyermekkori depresszi\u00f3 \u00e9s szorong\u00e1s kognit\u00edv viselked\u00e9ster\u00e1pi\u00e1ja (SE TK\/2020.II.\/ 00353), (13 \u00f3ra)<\/li>\n\n\n\n<li>Magyar Pszichodr\u00e1ma Egyes\u00fclet, \u00f6nismereti csoport (300 \u00f3ra)<\/li>\n<\/ul>\n\n\n\n<p><strong>Munkatapasztalatok:<\/strong><\/p>\n\n\n\n<p>2022 \u2013 jelenleg is \u2013 Egy\u00e9ni tan\u00e1csad\u00e1s<br>2018 \u2013 jelenleg is \u2013 Csongr\u00e1d-Csan\u00e1d V\u00e1rmegyei Pedag\u00f3giai Szakszolg\u00e1lat H\u00f3dmez\u0151v\u00e1s\u00e1rhelyi Tagint\u00e9zm\u00e9nye<br>2017 \u2013 SOS Gyermekfalu Magyarorsz\u00e1gi Alap\u00edtv\u00e1nya<br>2016 \u2013 Hajl\u00e9k N\u00e9lk\u00fcliek J\u00f6v\u0151j\u00e9\u00e9rt Alap\u00edtv\u00e1ny<br>2015 \u2013 2016 \u00dajpest \u00d6nkorm\u00e1nyzat\u00e1nak Szoci\u00e1lis Int\u00e9zm\u00e9nye<br>2014 &#8211; 2015 \u2013 Alisma Eg\u00e9szs\u00e9gfejleszt\u0151 \u00e9s Eg\u00e9szs\u00e9gmeg\u0151rz\u0151 K\u00f6zhaszn\u00fa Egyes\u00fclet<\/p>\n\n\n\n<p><strong><br><\/strong>*Kissn\u00e9 Viszket M\u00f3nika, Mogyor\u00f3sy Zsuzsanna (2019): A pszichol\u00f3giai tan\u00e1csad\u00e1s szakmai alapprotokollja, Elte E\u00f6tv\u00f6s Kiad\u00f3<\/p>\n\n\n\n<p><\/p>\n","protected":false},"excerpt":{"rendered":"<p>!!! T\u00e1j\u00e9koztatom a kedves \u00e9rdekl\u0151d\u0151ket, hogy \u00e1tmenetileg nem \u00e1ll m\u00f3domban \u00faj klienseket fogadni. K\u00f6sz\u00f6n\u00f6m a meg\u00e9rt\u00e9st \u00e9s a t\u00fcrelmet. !!! Tan\u00e1csad\u00f3i munk\u00e1m folyam\u00e1n arra t\u00f6rekszem,&#8230;<\/p>\n","protected":false},"author":1,"featured_media":0,"parent":0,"menu_order":0,"comment_status":"closed","ping_status":"closed","template":"","meta":{"footnotes":""},"class_list":["post-17","page","type-page","status-publish","hentry"],"yoast_head":"<!-- This site is optimized with the Yoast SEO plugin v23.9 - https:\/\/yoast.com\/wordpress\/plugins\/seo\/ -->\n<title>Bemutatkoz\u00e1s - T\u00fari-Szab\u00f3 T\u00edmea<\/title>\n<meta name=\"robots\" content=\"index, follow, max-snippet:-1, max-image-preview:large, max-video-preview:-1\" \/>\n<link rel=\"canonical\" href=\"https:\/\/tsztpszichologus.hu\/\" \/>\n<meta property=\"og:locale\" content=\"en_US\" \/>\n<meta property=\"og:type\" content=\"article\" \/>\n<meta property=\"og:title\" content=\"Bemutatkoz\u00e1s - T\u00fari-Szab\u00f3 T\u00edmea\" \/>\n<meta property=\"og:description\" content=\"!!! T\u00e1j\u00e9koztatom a kedves \u00e9rdekl\u0151d\u0151ket, hogy \u00e1tmenetileg nem \u00e1ll m\u00f3domban \u00faj klienseket fogadni. K\u00f6sz\u00f6n\u00f6m a meg\u00e9rt\u00e9st \u00e9s a t\u00fcrelmet. !!! Tan\u00e1csad\u00f3i munk\u00e1m folyam\u00e1n arra t\u00f6rekszem,...\" \/>\n<meta property=\"og:url\" content=\"https:\/\/tsztpszichologus.hu\/\" \/>\n<meta property=\"og:site_name\" content=\"T\u00fari-Szab\u00f3 T\u00edmea\" \/>\n<meta property=\"article:modified_time\" content=\"2025-11-16T23:54:53+00:00\" \/>\n<meta property=\"og:image\" content=\"https:\/\/tsztpszichologus.hu\/wp-content\/uploads\/2024\/11\/1ed22d93-89ba-49cd-aaa2-f94b09b85b42-1.png\" \/>\n\t<meta property=\"og:image:width\" content=\"1024\" \/>\n\t<meta property=\"og:image:height\" content=\"1024\" \/>\n\t<meta property=\"og:image:type\" content=\"image\/png\" \/>\n<meta name=\"twitter:card\" content=\"summary_large_image\" \/>\n<meta name=\"twitter:label1\" content=\"Est. reading time\" \/>\n\t<meta name=\"twitter:data1\" content=\"2 minutes\" \/>\n<script type=\"application\/ld+json\" class=\"yoast-schema-graph\">{\"@context\":\"https:\/\/schema.org\",\"@graph\":[{\"@type\":\"WebPage\",\"@id\":\"https:\/\/tsztpszichologus.hu\/\",\"url\":\"https:\/\/tsztpszichologus.hu\/\",\"name\":\"Bemutatkoz\u00e1s - T\u00fari-Szab\u00f3 T\u00edmea\",\"isPartOf\":{\"@id\":\"https:\/\/tsztpszichologus.hu\/#website\"},\"primaryImageOfPage\":{\"@id\":\"https:\/\/tsztpszichologus.hu\/#primaryimage\"},\"image\":{\"@id\":\"https:\/\/tsztpszichologus.hu\/#primaryimage\"},\"thumbnailUrl\":\"https:\/\/tsztpszichologus.hu\/wp-content\/uploads\/2024\/10\/tsztszichologus-229x300.jpeg\",\"datePublished\":\"2024-10-18T10:27:50+00:00\",\"dateModified\":\"2025-11-16T23:54:53+00:00\",\"breadcrumb\":{\"@id\":\"https:\/\/tsztpszichologus.hu\/#breadcrumb\"},\"inLanguage\":\"en-US\",\"potentialAction\":[{\"@type\":\"ReadAction\",\"target\":[\"https:\/\/tsztpszichologus.hu\/\"]}]},{\"@type\":\"ImageObject\",\"inLanguage\":\"en-US\",\"@id\":\"https:\/\/tsztpszichologus.hu\/#primaryimage\",\"url\":\"https:\/\/tsztpszichologus.hu\/wp-content\/uploads\/2024\/10\/tsztszichologus.jpeg\",\"contentUrl\":\"https:\/\/tsztpszichologus.hu\/wp-content\/uploads\/2024\/10\/tsztszichologus.jpeg\",\"width\":762,\"height\":1000,\"caption\":\"tsztszichologus\"},{\"@type\":\"BreadcrumbList\",\"@id\":\"https:\/\/tsztpszichologus.hu\/#breadcrumb\",\"itemListElement\":[{\"@type\":\"ListItem\",\"position\":1,\"name\":\"Home\",\"item\":\"https:\/\/tsztpszichologus.hu\/\"},{\"@type\":\"ListItem\",\"position\":2,\"name\":\"Bemutatkoz\u00e1s\"}]},{\"@type\":\"WebSite\",\"@id\":\"https:\/\/tsztpszichologus.hu\/#website\",\"url\":\"https:\/\/tsztpszichologus.hu\/\",\"name\":\"tsztpszichologus.hu\",\"description\":\"\",\"publisher\":{\"@id\":\"https:\/\/tsztpszichologus.hu\/#organization\"},\"potentialAction\":[{\"@type\":\"SearchAction\",\"target\":{\"@type\":\"EntryPoint\",\"urlTemplate\":\"https:\/\/tsztpszichologus.hu\/?s={search_term_string}\"},\"query-input\":{\"@type\":\"PropertyValueSpecification\",\"valueRequired\":true,\"valueName\":\"search_term_string\"}}],\"inLanguage\":\"en-US\"},{\"@type\":\"Organization\",\"@id\":\"https:\/\/tsztpszichologus.hu\/#organization\",\"name\":\"tsztpszichologus.hu\",\"url\":\"https:\/\/tsztpszichologus.hu\/\",\"logo\":{\"@type\":\"ImageObject\",\"inLanguage\":\"en-US\",\"@id\":\"https:\/\/tsztpszichologus.hu\/#\/schema\/logo\/image\/\",\"url\":\"https:\/\/tsztpszichologus.hu\/wp-content\/uploads\/2024\/11\/cropped-1ed22d93-89ba-49cd-aaa2-f94b09b85b42-1-3-1.png\",\"contentUrl\":\"https:\/\/tsztpszichologus.hu\/wp-content\/uploads\/2024\/11\/cropped-1ed22d93-89ba-49cd-aaa2-f94b09b85b42-1-3-1.png\",\"width\":1024,\"height\":1024,\"caption\":\"tsztpszichologus.hu\"},\"image\":{\"@id\":\"https:\/\/tsztpszichologus.hu\/#\/schema\/logo\/image\/\"}}]}<\/script>\n<!-- \/ Yoast SEO plugin. -->","yoast_head_json":{"title":"Bemutatkoz\u00e1s - T\u00fari-Szab\u00f3 T\u00edmea","robots":{"index":"index","follow":"follow","max-snippet":"max-snippet:-1","max-image-preview":"max-image-preview:large","max-video-preview":"max-video-preview:-1"},"canonical":"https:\/\/tsztpszichologus.hu\/","og_locale":"en_US","og_type":"article","og_title":"Bemutatkoz\u00e1s - T\u00fari-Szab\u00f3 T\u00edmea","og_description":"!!! T\u00e1j\u00e9koztatom a kedves \u00e9rdekl\u0151d\u0151ket, hogy \u00e1tmenetileg nem \u00e1ll m\u00f3domban \u00faj klienseket fogadni. K\u00f6sz\u00f6n\u00f6m a meg\u00e9rt\u00e9st \u00e9s a t\u00fcrelmet. !!! Tan\u00e1csad\u00f3i munk\u00e1m folyam\u00e1n arra t\u00f6rekszem,...","og_url":"https:\/\/tsztpszichologus.hu\/","og_site_name":"T\u00fari-Szab\u00f3 T\u00edmea","article_modified_time":"2025-11-16T23:54:53+00:00","og_image":[{"width":1024,"height":1024,"url":"https:\/\/tsztpszichologus.hu\/wp-content\/uploads\/2024\/11\/1ed22d93-89ba-49cd-aaa2-f94b09b85b42-1.png","type":"image\/png"}],"twitter_card":"summary_large_image","twitter_misc":{"Est. reading time":"2 minutes"},"schema":{"@context":"https:\/\/schema.org","@graph":[{"@type":"WebPage","@id":"https:\/\/tsztpszichologus.hu\/","url":"https:\/\/tsztpszichologus.hu\/","name":"Bemutatkoz\u00e1s - T\u00fari-Szab\u00f3 T\u00edmea","isPartOf":{"@id":"https:\/\/tsztpszichologus.hu\/#website"},"primaryImageOfPage":{"@id":"https:\/\/tsztpszichologus.hu\/#primaryimage"},"image":{"@id":"https:\/\/tsztpszichologus.hu\/#primaryimage"},"thumbnailUrl":"https:\/\/tsztpszichologus.hu\/wp-content\/uploads\/2024\/10\/tsztszichologus-229x300.jpeg","datePublished":"2024-10-18T10:27:50+00:00","dateModified":"2025-11-16T23:54:53+00:00","breadcrumb":{"@id":"https:\/\/tsztpszichologus.hu\/#breadcrumb"},"inLanguage":"en-US","potentialAction":[{"@type":"ReadAction","target":["https:\/\/tsztpszichologus.hu\/"]}]},{"@type":"ImageObject","inLanguage":"en-US","@id":"https:\/\/tsztpszichologus.hu\/#primaryimage","url":"https:\/\/tsztpszichologus.hu\/wp-content\/uploads\/2024\/10\/tsztszichologus.jpeg","contentUrl":"https:\/\/tsztpszichologus.hu\/wp-content\/uploads\/2024\/10\/tsztszichologus.jpeg","width":762,"height":1000,"caption":"tsztszichologus"},{"@type":"BreadcrumbList","@id":"https:\/\/tsztpszichologus.hu\/#breadcrumb","itemListElement":[{"@type":"ListItem","position":1,"name":"Home","item":"https:\/\/tsztpszichologus.hu\/"},{"@type":"ListItem","position":2,"name":"Bemutatkoz\u00e1s"}]},{"@type":"WebSite","@id":"https:\/\/tsztpszichologus.hu\/#website","url":"https:\/\/tsztpszichologus.hu\/","name":"tsztpszichologus.hu","description":"","publisher":{"@id":"https:\/\/tsztpszichologus.hu\/#organization"},"potentialAction":[{"@type":"SearchAction","target":{"@type":"EntryPoint","urlTemplate":"https:\/\/tsztpszichologus.hu\/?s={search_term_string}"},"query-input":{"@type":"PropertyValueSpecification","valueRequired":true,"valueName":"search_term_string"}}],"inLanguage":"en-US"},{"@type":"Organization","@id":"https:\/\/tsztpszichologus.hu\/#organization","name":"tsztpszichologus.hu","url":"https:\/\/tsztpszichologus.hu\/","logo":{"@type":"ImageObject","inLanguage":"en-US","@id":"https:\/\/tsztpszichologus.hu\/#\/schema\/logo\/image\/","url":"https:\/\/tsztpszichologus.hu\/wp-content\/uploads\/2024\/11\/cropped-1ed22d93-89ba-49cd-aaa2-f94b09b85b42-1-3-1.png","contentUrl":"https:\/\/tsztpszichologus.hu\/wp-content\/uploads\/2024\/11\/cropped-1ed22d93-89ba-49cd-aaa2-f94b09b85b42-1-3-1.png","width":1024,"height":1024,"caption":"tsztpszichologus.hu"},"image":{"@id":"https:\/\/tsztpszichologus.hu\/#\/schema\/logo\/image\/"}}]}},"_links":{"self":[{"href":"https:\/\/tsztpszichologus.hu\/index.php?rest_route=\/wp\/v2\/pages\/17","targetHints":{"allow":["GET"]}}],"collection":[{"href":"https:\/\/tsztpszichologus.hu\/index.php?rest_route=\/wp\/v2\/pages"}],"about":[{"href":"https:\/\/tsztpszichologus.hu\/index.php?rest_route=\/wp\/v2\/types\/page"}],"author":[{"embeddable":true,"href":"https:\/\/tsztpszichologus.hu\/index.php?rest_route=\/wp\/v2\/users\/1"}],"replies":[{"embeddable":true,"href":"https:\/\/tsztpszichologus.hu\/index.php?rest_route=%2Fwp%2Fv2%2Fcomments&post=17"}],"version-history":[{"count":16,"href":"https:\/\/tsztpszichologus.hu\/index.php?rest_route=\/wp\/v2\/pages\/17\/revisions"}],"predecessor-version":[{"id":98,"href":"https:\/\/tsztpszichologus.hu\/index.php?rest_route=\/wp\/v2\/pages\/17\/revisions\/98"}],"wp:attachment":[{"href":"https:\/\/tsztpszichologus.hu\/index.php?rest_route=%2Fwp%2Fv2%2Fmedia&parent=17"}],"curies":[{"name":"wp","href":"https:\/\/api.w.org\/{rel}","templated":true}]}}